{"id":271,"date":"2013-05-29T19:33:54","date_gmt":"2013-05-29T19:33:54","guid":{"rendered":"http:\/\/staffordshirephoenixrifleandpistolclub.co.uk\/?page_id=271"},"modified":"2013-05-30T17:33:09","modified_gmt":"2013-05-30T17:33:09","slug":"krag-jorgensen","status":"publish","type":"page","link":"https:\/\/staffordshirephoenixrifleandpistolclub.co.uk\/?page_id=271","title":{"rendered":"Krag-J\u00f8rgensen M1894"},"content":{"rendered":"<p>The\u00a0<b>Krag-J\u00f8rgensen M1894<\/b>\u00a0is a\u00a0repeating\u00a0bolt action\u00a0rifle\u00a0designed by the\u00a0Norwegians\u00a0Ole Herman Johannes Krag\u00a0and\u00a0Erik J\u00f8rgensen\u00a0in the late 19th century. Variants were adopted as a standard arm by\u00a0Denmark, the\u00a0United States of America\u00a0and\u00a0Norway. About 300 were delivered to\u00a0Boer\u00a0forces of the\u00a0South African Republic.<\/p>\n<p>A distinctive feature of the Krag-J\u00f8rgensen action was its\u00a0magazine. While many other rifles of its era used an integral box magazine loaded by a charger or\u00a0stripper clip, the magazine of the Krag-J\u00f8rgensen was integral with the\u00a0receiver\u00a0(the part of the rifle that houses the operating parts), featuring an opening on the right hand side with a hinged cover. Instead of a charger, single\u00a0cartridges\u00a0were inserted through the side opening, and were pushed up, around, and into the action by a spring follower.<\/p>\n<figure id=\"attachment_276\" aria-describedby=\"caption-attachment-276\" style=\"width: 700px\" class=\"wp-caption alignnone\"><a href=\"https:\/\/staffordshirephoenixrifleandpistolclub.co.uk\/wp-content\/uploads\/2013\/05\/Krag-side-mag.jpg\"><img loading=\"lazy\" decoding=\"async\" class=\"size-full wp-image-276\" alt=\"Side loading magazine\" src=\"https:\/\/staffordshirephoenixrifleandpistolclub.co.uk\/wp-content\/uploads\/2013\/05\/Krag-side-mag.jpg\" width=\"700\" height=\"350\" srcset=\"https:\/\/staffordshirephoenixrifleandpistolclub.co.uk\/wp-content\/uploads\/2013\/05\/Krag-side-mag.jpg 700w, https:\/\/staffordshirephoenixrifleandpistolclub.co.uk\/wp-content\/uploads\/2013\/05\/Krag-side-mag-300x150.jpg 300w, https:\/\/staffordshirephoenixrifleandpistolclub.co.uk\/wp-content\/uploads\/2013\/05\/Krag-side-mag-500x250.jpg 500w\" sizes=\"auto, (max-width: 700px) 100vw, 700px\" \/><\/a><figcaption id=\"caption-attachment-276\" class=\"wp-caption-text\">Side loading magazine<\/figcaption><\/figure>\n<p>The design presented both advantages and disadvantages compared with a top-loading &#8220;box&#8221; magazine. A similar claw type clip would be made for the Krag that allowed the magazine to be loaded all at once, also known as the Krag &#8220;Speedloader magazine&#8221;. Normal loading was one cartridge at a time, and this could be done more easily with a Krag than a rifle with a &#8220;box&#8221; magazine. In fact, several cartridges can be dumped into the opened magazine of a Krag at once with no need for careful placement, and when shutting the magazine-door the cartridges are forced to line up correctly inside the magazine. The design was also easy to &#8220;top off&#8221;, and unlike most top-loading magazines, the Krag-J\u00f8rgensen&#8217;s magazine could be topped up without opening the rifle&#8217;s bolt. The Krag-J\u00f8rgensen is a popular rifle among\u00a0collectors, and is valued by shooters for its smooth action.<\/p>\n<p>The Swedish-Norwegian Rifle Commission started its work in 1891. One of their first tasks was to find the best possible calibre for the new weapon. After extensive ballistic tests where different calibers were tested (8 mm, 7.5 mm, 7mm, 6.5mm etc.), the optimal calibre was determined to be 6.5\u00a0mm (0.256\u00a0in). Following this decision, a joint Norwegian-Swedish commission was established in December 1893. This commission worked through a series of meetings to decide on the different measurements for the cartridge case. A rimless cartridge case of 55mm length was approved, and each possible measurement (diameter at base, diameter at neck, angle of case, angle of shoulder etc.) was decided upon. The corresponding dimensions of the cartridge chamber to be used in a future service rifle was also determined. The cartridge became what is later known as 6,5\u00d755mm. The round of ammunition is also known as 6,5\u00d755 Krag, 6.5\u00d755 Scan, 6.5\u00d755 Mauser, 6.5\u00d755 Swedish and 6.5\u00d755 Nor, but they all referred to the same cartridge.<\/p>\n<p>Some historians have assumed that there was a difference in cartridge blueprint measurements between Swedish and Norwegian 6.5\u00d755 mm ammunition, but this may be unintentional. Due to different interpretations of the blueprint standard, i.e. the standards of manufacturing using maximum chamber in the Krag vs. minimum chamber in the Swedish Mauser, a small percentage of the ammunition produced in Norway proved to be slightly oversize when chambered in the Swedish Mauser action, i.e. requiring a push on the bolt handle to chamber in the Swedish arm. A rumour arose not long after the 6.5\u00d755 mm cartridge was adopted that one could use Swedish ammunition in Norwegian rifles, but not Norwegian ammunition in Swedish rifles.\u00a0Some even alleged that this incompatibility was deliberate, to give Norway the tactical advantage of using captured ammunition in a war, while denying the same advantage to the Swedes. However, after the rumour first surfaced in 1900, the issue was examined by the Swedish military. They declared the difference to be insignificant, and that both the Swedish and Norwegian ammunition was within the specified parameters laid down. It is worth noting that\u00a0Sweden\u00a0would later adopt a 6.5\u00d755 mm rifle with a much stronger Mauser bolt action, the m\/94 carbine in 1894 and the m\/96 Rifle in 1896, both of which were proof-tested with loads generating significantly more pressure than those used to proof the Norwegian Krag action.<\/p>\n<p>Once the question of ammunition was settled, the Norwegians started looking at a modern arm to fire their newly designed cartridge. The processing was modelled on the US Army Ordnance selection process and considered, among other things, sharp-shooting at different ranges, shooting with defective or dirty ammunition, rapidity of shooting, conservation of ammunition, corrosion resistance, and ease of assembly and disassembly. After the test, three rifles were shortlisted:<\/p>\n<ul>\n<li>Mannlicher\u00a01892<\/li>\n<li>Mauser\u00a01892<\/li>\n<li>Krag-J\u00f8rgensen 1892<\/li>\n<\/ul>\n<p>About fifty Krag-J\u00f8rgensen rifles were produced in 1893 and issued to soldiers for field testing. The reports were good, and a few modifications were later incorporated into the design. Despite the fact that both the Mannlicher and Mauser submissions were significantly faster to reload than the Krag, the latter, having been designed in Norway, was selected.<\/p>\n<figure id=\"attachment_275\" aria-describedby=\"caption-attachment-275\" style=\"width: 700px\" class=\"wp-caption alignnone\"><a href=\"https:\/\/staffordshirephoenixrifleandpistolclub.co.uk\/wp-content\/uploads\/2013\/05\/Norge-Krag.jpg\"><img loading=\"lazy\" decoding=\"async\" class=\"size-full wp-image-275\" alt=\"Norwegian Krag\" src=\"https:\/\/staffordshirephoenixrifleandpistolclub.co.uk\/wp-content\/uploads\/2013\/05\/Norge-Krag.jpg\" width=\"700\" height=\"125\" srcset=\"https:\/\/staffordshirephoenixrifleandpistolclub.co.uk\/wp-content\/uploads\/2013\/05\/Norge-Krag.jpg 700w, https:\/\/staffordshirephoenixrifleandpistolclub.co.uk\/wp-content\/uploads\/2013\/05\/Norge-Krag-300x53.jpg 300w, https:\/\/staffordshirephoenixrifleandpistolclub.co.uk\/wp-content\/uploads\/2013\/05\/Norge-Krag-500x89.jpg 500w\" sizes=\"auto, (max-width: 700px) 100vw, 700px\" \/><\/a><figcaption id=\"caption-attachment-275\" class=\"wp-caption-text\">Norwegian Krag<\/figcaption><\/figure>\n","protected":false},"excerpt":{"rendered":"<p>The\u00a0Krag-J\u00f8rgensen M1894\u00a0is a\u00a0repeating\u00a0bolt action\u00a0rifle\u00a0designed by the\u00a0Norwegians\u00a0Ole Herman Johannes Krag\u00a0and\u00a0Erik J\u00f8rgensen\u00a0in the late 19th century. Variants were adopted as a standard arm by\u00a0Denmark, the\u00a0United States of America\u00a0and\u00a0Norway. About 300 were delivered to\u00a0Boer\u00a0forces of the\u00a0South African Republic. A distinctive feature of the Krag-J\u00f8rgensen action was its\u00a0magazine. While many other rifles of its era used an integral box &hellip; <\/p>\n<p class=\"link-more\"><a href=\"https:\/\/staffordshirephoenixrifleandpistolclub.co.uk\/?page_id=271\" class=\"more-link\">Continue reading<span class=\"screen-reader-text\"> &#8220;Krag-J\u00f8rgensen M1894&#8221;<\/span><\/a><\/p>\n","protected":false},"author":2,"featured_media":0,"parent":87,"menu_order":0,"comment_status":"closed","ping_status":"open","template":"","meta":{"footnotes":""},"class_list":["post-271","page","type-page","status-publish","hentry"],"_links":{"self":[{"href":"https:\/\/staffordshirephoenixrifleandpistolclub.co.uk\/index.php?rest_route=\/wp\/v2\/pages\/271","targetHints":{"allow":["GET"]}}],"collection":[{"href":"https:\/\/staffordshirephoenixrifleandpistolclub.co.uk\/index.php?rest_route=\/wp\/v2\/pages"}],"about":[{"href":"https:\/\/staffordshirephoenixrifleandpistolclub.co.uk\/index.php?rest_route=\/wp\/v2\/types\/page"}],"author":[{"embeddable":true,"href":"https:\/\/staffordshirephoenixrifleandpistolclub.co.uk\/index.php?rest_route=\/wp\/v2\/users\/2"}],"replies":[{"embeddable":true,"href":"https:\/\/staffordshirephoenixrifleandpistolclub.co.uk\/index.php?rest_route=%2Fwp%2Fv2%2Fcomments&post=271"}],"version-history":[{"count":5,"href":"https:\/\/staffordshirephoenixrifleandpistolclub.co.uk\/index.php?rest_route=\/wp\/v2\/pages\/271\/revisions"}],"predecessor-version":[{"id":296,"href":"https:\/\/staffordshirephoenixrifleandpistolclub.co.uk\/index.php?rest_route=\/wp\/v2\/pages\/271\/revisions\/296"}],"up":[{"embeddable":true,"href":"https:\/\/staffordshirephoenixrifleandpistolclub.co.uk\/index.php?rest_route=\/wp\/v2\/pages\/87"}],"wp:attachment":[{"href":"https:\/\/staffordshirephoenixrifleandpistolclub.co.uk\/index.php?rest_route=%2Fwp%2Fv2%2Fmedia&parent=271"}],"curies":[{"name":"wp","href":"https:\/\/api.w.org\/{rel}","templated":true}]}}